{"id":56,"date":"2020-11-17T23:12:48","date_gmt":"2020-11-17T22:12:48","guid":{"rendered":"http:\/\/baau.pl\/?page_id=56"},"modified":"2020-11-17T23:12:48","modified_gmt":"2020-11-17T22:12:48","slug":"kontakt","status":"publish","type":"page","link":"http:\/\/baau.pl\/","title":{"rendered":"Kontakt"},"content":{"rendered":"\n<p>Strona z podstawowymi informacjami kontaktowymi, takimi jak adres, numer telefonu. Mo\u017cna tak\u017ce spr\u00f3bowa\u0107 wtyczki, za pomoc\u0105 kt\u00f3rej dodamy formularz kontaktowy.<\/p>\n","protected":false},"excerpt":{"rendered":"<p>Strona z podstawowymi informacjami kontaktowymi, takimi jak adres, numer telefonu. Mo\u017cna tak\u017ce spr\u00f3bowa\u0107 wtyczki, za pomoc\u0105 kt\u00f3rej dodamy formularz kontaktowy.<\/p>\n","protected":false},"author":1,"featured_media":51,"parent":0,"menu_order":0,"comment_status":"closed","ping_status":"closed","template":"","meta":[],"_links":{"self":[{"href":"http:\/\/baau.pl\/index.php?rest_route=\/wp\/v2\/pages\/56"}],"collection":[{"href":"http:\/\/baau.pl\/index.php?rest_route=\/wp\/v2\/pages"}],"about":[{"href":"http:\/\/baau.pl\/index.php?rest_route=\/wp\/v2\/types\/page"}],"author":[{"embeddable":true,"href":"http:\/\/baau.pl\/index.php?rest_route=\/wp\/v2\/users\/1"}],"replies":[{"embeddable":true,"href":"http:\/\/baau.pl\/index.php?rest_route=%2Fwp%2Fv2%2Fcomments&post=56"}],"version-history":[{"count":1,"href":"http:\/\/baau.pl\/index.php?rest_route=\/wp\/v2\/pages\/56\/revisions"}],"predecessor-version":[{"id":63,"href":"http:\/\/baau.pl\/index.php?rest_route=\/wp\/v2\/pages\/56\/revisions\/63"}],"wp:featuredmedia":[{"embeddable":true,"href":"http:\/\/baau.pl\/index.php?rest_route=\/wp\/v2\/media\/51"}],"wp:attachment":[{"href":"http:\/\/baau.pl\/index.php?rest_route=%2Fwp%2Fv2%2Fmedia&parent=56"}],"curies":[{"name":"wp","href":"https:\/\/api.w.org\/{rel}","templated":true}]}}